{"id":2130,"date":"2024-05-06T10:16:34","date_gmt":"2024-05-06T10:16:34","guid":{"rendered":"http:\/\/fincalosgigantes.com\/?post_type=product&#038;p=2130"},"modified":"2026-04-30T13:34:35","modified_gmt":"2026-04-30T13:34:35","slug":"dulce-rose","status":"publish","type":"product","link":"https:\/\/fincalosgigantes.com\/zh\/product\/dulce-rose\/","title":{"rendered":"\u751c\u73ab\u7470\u7d05"},"content":{"rendered":"","protected":false},"excerpt":{"rendered":"<p><strong>(\u76d2\u88dd\u50f9\u503c 6 \u500b\u55ae\u4f4d)<\/strong><\/p>\n<p>&nbsp;<\/p>\n<p>Con una base de color Salm\u00f3n se completa en reflejos rojos cereza brillante. En aromas surgen aromas de frutas maduras que confunden mel\u00f3n, pera y membrillo sobre una base de nueces. A la boca entrega su sutil acidez fresca y joven cuando a la vez propone un cuerpo equilibrado haci\u00e9ndose largo en su pos gusto. Invita a seguir bebiendo.<\/p>\n<p>Beber entre 8 y 12 \u00b0C<br \/>\nMaridaje: Para beber solo o ir haciendo paladar con una picada mientras esperamos el plato principal. Ser\u00e1 un gran compa\u00f1ero para ir de tapas o acompa\u00f1ando un salm\u00f3n a la parrilla y tambi\u00e9n una trucha a la plancha con manteca negra.<\/p>","protected":false},"featured_media":2439,"template":"","meta":[],"product_brand":[],"product_cat":[33],"product_tag":[],"class_list":{"0":"post-2130","1":"product","2":"type-product","3":"status-publish","4":"has-post-thumbnail","6":"product_cat-dulces","8":"first","9":"instock","10":"shipping-taxable","11":"purchasable","12":"product-type-simple"},"_links":{"self":[{"href":"https:\/\/fincalosgigantes.com\/zh\/wp-json\/wp\/v2\/product\/2130","targetHints":{"allow":["GET"]}}],"collection":[{"href":"https:\/\/fincalosgigantes.com\/zh\/wp-json\/wp\/v2\/product"}],"about":[{"href":"https:\/\/fincalosgigantes.com\/zh\/wp-json\/wp\/v2\/types\/product"}],"wp:featuredmedia":[{"embeddable":true,"href":"https:\/\/fincalosgigantes.com\/zh\/wp-json\/wp\/v2\/media\/2439"}],"wp:attachment":[{"href":"https:\/\/fincalosgigantes.com\/zh\/wp-json\/wp\/v2\/media?parent=2130"}],"wp:term":[{"taxonomy":"product_brand","embeddable":true,"href":"https:\/\/fincalosgigantes.com\/zh\/wp-json\/wp\/v2\/product_brand?post=2130"},{"taxonomy":"product_cat","embeddable":true,"href":"https:\/\/fincalosgigantes.com\/zh\/wp-json\/wp\/v2\/product_cat?post=2130"},{"taxonomy":"product_tag","embeddable":true,"href":"https:\/\/fincalosgigantes.com\/zh\/wp-json\/wp\/v2\/product_tag?post=2130"}],"curies":[{"name":"wp","href":"https:\/\/api.w.org\/{rel}","templated":true}]}}